{"id":382,"date":"2024-05-27T17:03:10","date_gmt":"2024-05-27T17:03:10","guid":{"rendered":"https:\/\/rwc-finland.fmi.fi\/?page_id=382"},"modified":"2025-10-29T11:33:06","modified_gmt":"2025-10-29T11:33:06","slug":"ladattavat-tiedostot","status":"publish","type":"page","link":"https:\/\/rwc-finland.fmi.fi\/index.php\/ladattavat-tiedostot\/","title":{"rendered":"Ladattavat tiedostot"},"content":{"rendered":"\n<div class=\"wp-block-group has-nv-site-bg-background-color has-background\"><div class=\"wp-block-group__inner-container is-layout-constrained wp-block-group-is-layout-constrained\">\n<div class=\"wp-block-group is-vertical is-content-justification-left is-layout-flex wp-container-core-group-is-layout-c0ca7d81 wp-block-group-is-layout-flex\">\n<div class=\"wp-block-group has-nv-site-bg-background-color has-background is-vertical is-layout-flex wp-container-core-group-is-layout-8cf370e7 wp-block-group-is-layout-flex\">\n<p class=\"has-nv-site-bg-background-color has-background\">Viimeisimm\u00e4t R-luvut (<a href=\"https:\/\/rwc-finland.fmi.fi\/index.php\/revontulten-todennakoisyys\/\">https:\/\/rwc-finland.fmi.fi\/index.php\/revontulten-todennakoisyys\/<\/a>), geomagneettiset aktiivisuustasot sek\u00e4 aktiivisuustasoennusteet (<a href=\"https:\/\/space.fmi.fi\/MIRACLE\/RWC\/forecast_description_fi.html\">https:\/\/space.fmi.fi\/MIRACLE\/RWC\/forecast_description_fi.html<\/a>) ovat saatavilla JSON-tiedostoina.<\/p>\n\n\n\n<p class=\"has-nv-site-bg-background-color has-background\">Kaikkiin sivustolta ladattaviin tiedostoihin sovelletaan Creative Commons Nime\u00e4 4.0 Kansainv\u00e4linen -lisenssi\u00e4 (CC BY 4.0). Lisenssin kohteena olevaa dataa voi k\u00e4ytt\u00e4\u00e4 vapaasti edellytt\u00e4en, ett\u00e4 datan l\u00e4hde mainitaan: Lisenssinantajan nimi ja aineiston nimi. Esimerkiksi: Ilmatieteen laitoksen avaruuss\u00e4\u00e4havainnot.  <\/p>\n\n\n\n<ul class=\"has-nv-site-bg-background-color has-background wp-block-list\">\n<li><a href=\"https:\/\/space.fmi.fi\/MIRACLE\/RWC\/data\/r_index_latest_fi.json\">Lataa viimeisimm\u00e4t R-luvut <\/a><\/li>\n\n\n\n<li><a href=\"https:\/\/space.fmi.fi\/MIRACLE\/RWC\/data\/RX_latest_fi.json\">Lataa viimeisimm\u00e4t aktiivisuustasot<\/a><\/li>\n<\/ul>\n\n\n\n<p class=\"has-nv-site-bg-background-color has-background\">Lisenssi:<\/p>\n\n\n\n<p class=\"has-text-align-left has-nv-site-bg-background-color has-background\"> <a href=\"https:\/\/creativecommons.org\/licenses\/by\/4.0\/deed.fi\">https:\/\/creativecommons.org\/licenses\/by\/4.0\/deed.fi<\/a><\/p>\n<\/div>\n<\/div>\n<\/div><\/div>\n","protected":false},"excerpt":{"rendered":"<p>Viimeisimm\u00e4t R-luvut (https:\/\/rwc-finland.fmi.fi\/index.php\/revontulten-todennakoisyys\/), geomagneettiset aktiivisuustasot sek\u00e4 aktiivisuustasoennusteet (https:\/\/space.fmi.fi\/MIRACLE\/RWC\/forecast_description_fi.html) ovat saatavilla JSON-tiedostoina. Kaikkiin sivustolta ladattaviin tiedostoihin sovelletaan Creative Commons Nime\u00e4 4.0 Kansainv\u00e4linen -lisenssi\u00e4 (CC BY 4.0). Lisenssin kohteena olevaa dataa voi k\u00e4ytt\u00e4\u00e4 vapaasti edellytt\u00e4en, ett\u00e4 datan l\u00e4hde mainitaan: Lisenssinantajan nimi ja aineiston nimi. Esimerkiksi: Ilmatieteen laitoksen avaruuss\u00e4\u00e4havainnot. Lisenssi: https:\/\/creativecommons.org\/licenses\/by\/4.0\/deed.fi<\/p>\n","protected":false},"author":5,"featured_media":0,"parent":0,"menu_order":0,"comment_status":"closed","ping_status":"closed","template":"","meta":{"neve_meta_sidebar":"full-width","neve_meta_container":"","neve_meta_enable_content_width":"on","neve_meta_content_width":100,"neve_meta_title_alignment":"","neve_meta_author_avatar":"","neve_post_elements_order":"","neve_meta_disable_header":"","neve_meta_disable_footer":"","neve_meta_disable_title":"","footnotes":""},"class_list":["post-382","page","type-page","status-publish","hentry"],"_links":{"self":[{"href":"https:\/\/rwc-finland.fmi.fi\/index.php\/wp-json\/wp\/v2\/pages\/382","targetHints":{"allow":["GET"]}}],"collection":[{"href":"https:\/\/rwc-finland.fmi.fi\/index.php\/wp-json\/wp\/v2\/pages"}],"about":[{"href":"https:\/\/rwc-finland.fmi.fi\/index.php\/wp-json\/wp\/v2\/types\/page"}],"author":[{"embeddable":true,"href":"https:\/\/rwc-finland.fmi.fi\/index.php\/wp-json\/wp\/v2\/users\/5"}],"replies":[{"embeddable":true,"href":"https:\/\/rwc-finland.fmi.fi\/index.php\/wp-json\/wp\/v2\/comments?post=382"}],"version-history":[{"count":19,"href":"https:\/\/rwc-finland.fmi.fi\/index.php\/wp-json\/wp\/v2\/pages\/382\/revisions"}],"predecessor-version":[{"id":434,"href":"https:\/\/rwc-finland.fmi.fi\/index.php\/wp-json\/wp\/v2\/pages\/382\/revisions\/434"}],"wp:attachment":[{"href":"https:\/\/rwc-finland.fmi.fi\/index.php\/wp-json\/wp\/v2\/media?parent=382"}],"curies":[{"name":"wp","href":"https:\/\/api.w.org\/{rel}","templated":true}]}}