{"id":335,"date":"2023-02-01T13:07:27","date_gmt":"2023-02-01T13:07:27","guid":{"rendered":"https:\/\/rwc-finland.fmi.fi\/?page_id=335"},"modified":"2025-11-19T14:31:24","modified_gmt":"2025-11-19T14:31:24","slug":"ionosfaari","status":"publish","type":"page","link":"https:\/\/rwc-finland.fmi.fi\/index.php\/ionosfaari\/","title":{"rendered":"Ionosf\u00e4\u00e4ri"},"content":{"rendered":"\n<div class=\"wp-block-columns has-nv-site-bg-background-color has-background is-layout-flex wp-container-core-columns-is-layout-9d6595d7 wp-block-columns-is-layout-flex\">\n<div class=\"wp-block-column is-layout-flow wp-block-column-is-layout-flow\">\n<h2 class=\"wp-block-heading\">Skintillaatio<\/h2>\n\n\n\n<p>Ionosf\u00e4\u00e4rin skintillaatiota eli h\u00e4ilynt\u00e4\u00e4 mitataan erityisill\u00e4 GNSS-vastaanottimilla. Vastaanottimet laskevat vastaanotettuille paikannussignaaleille skintillaation voimakkuutta kuvaavia indeksej\u00e4 S4 (amplitudiskintillaatio) sek\u00e4 Phi60 (vaiheskintillaatio). Skintillaation laskemisessa on k\u00e4ytetty vain yli 30 asteen korkeudella n\u00e4kyvien paikannussatelliittien signaaleja.<\/p>\n\n\n\n<h3 class=\"wp-block-heading\">Kartta<\/h3>\n\n\n\n<p>Pohjoisilla leveysasteilla yleisemm\u00e4n vaiheskintillaation maantieteellinen sijainti laskettuna 350 km korkeudelle. Kartta p\u00e4ivittyy 15 minuutin v\u00e4lein.<\/p>\n\n\n<div class=\"wp-block-image\">\n<figure class=\"aligncenter size-large\"><img decoding=\"async\" src=\"https:\/\/space.fmi.fi\/~avs\/scintillation\/phi60_ipp_latest.png\" alt=\"\"\/><\/figure>\n<\/div>\n\n\n<h3 class=\"wp-block-heading\">Asemakohtaiset havainnot<\/h3>\n\n\n\n<p>Asemakohtaiset kuvaajat amplitudi- ja vaiheskintillaatiolle. Kuvaajissa yksitt\u00e4iset pisteet kuvaavat yhden satelliitin signaalin skintillaatiota minuutin aikana. Kuvaajiin on my\u00f6s merkitty ilmailun avaruuss\u00e4\u00e4keskusten k\u00e4ytt\u00e4m\u00e4t kynnysarvot kohtalaiselle (MOD, moderate) sek\u00e4 voimakkaalle (SEV, severe) skintillaatiolle.<\/p>\n\n\n<div class=\"wp-block-image\">\n<figure class=\"aligncenter size-large\"><img decoding=\"async\" src=\"https:\/\/space.fmi.fi\/~avs\/scintillation\/PAL_latest.png\" alt=\"\"\/><\/figure>\n<\/div>\n\n<div class=\"wp-block-image\">\n<figure class=\"aligncenter size-large\"><img decoding=\"async\" src=\"https:\/\/space.fmi.fi\/~avs\/scintillation\/SOD_latest.png\" alt=\"\"\/><\/figure>\n<\/div>\n\n<div class=\"wp-block-image\">\n<figure class=\"aligncenter size-large\"><img decoding=\"async\" src=\"https:\/\/space.fmi.fi\/~avs\/scintillation\/SUO_latest.png\" alt=\"\"\/><\/figure>\n<\/div>\n\n<div class=\"wp-block-image\">\n<figure class=\"aligncenter size-large\"><img decoding=\"async\" src=\"https:\/\/space.fmi.fi\/~avs\/scintillation\/HEL_latest.png\" alt=\"\"\/><\/figure>\n<\/div><\/div>\n<\/div>\n\n\n","protected":false},"excerpt":{"rendered":"<p>Skintillaatio Ionosf\u00e4\u00e4rin skintillaatiota eli h\u00e4ilynt\u00e4\u00e4 mitataan erityisill\u00e4 GNSS-vastaanottimilla. Vastaanottimet laskevat vastaanotettuille paikannussignaaleille skintillaation voimakkuutta kuvaavia indeksej\u00e4 S4 (amplitudiskintillaatio) sek\u00e4 Phi60 (vaiheskintillaatio). Skintillaation laskemisessa on k\u00e4ytetty vain yli 30 asteen korkeudella n\u00e4kyvien paikannussatelliittien signaaleja. Kartta Pohjoisilla leveysasteilla yleisemm\u00e4n vaiheskintillaation maantieteellinen sijainti laskettuna 350 km korkeudelle. Kartta p\u00e4ivittyy 15 minuutin v\u00e4lein. Asemakohtaiset havainnot Asemakohtaiset kuvaajat amplitudi- ja&hellip;&nbsp;<a href=\"https:\/\/rwc-finland.fmi.fi\/index.php\/ionosfaari\/\" class=\"\" rel=\"bookmark\">Lue lis\u00e4\u00e4 &raquo;<span class=\"screen-reader-text\">Ionosf\u00e4\u00e4ri<\/span><\/a><\/p>\n","protected":false},"author":4,"featured_media":0,"parent":0,"menu_order":0,"comment_status":"closed","ping_status":"closed","template":"","meta":{"neve_meta_sidebar":"full-width","neve_meta_container":"","neve_meta_enable_content_width":"on","neve_meta_content_width":100,"neve_meta_title_alignment":"","neve_meta_author_avatar":"","neve_post_elements_order":"","neve_meta_disable_header":"","neve_meta_disable_footer":"","neve_meta_disable_title":"","footnotes":""},"class_list":["post-335","page","type-page","status-publish","hentry"],"_links":{"self":[{"href":"https:\/\/rwc-finland.fmi.fi\/index.php\/wp-json\/wp\/v2\/pages\/335","targetHints":{"allow":["GET"]}}],"collection":[{"href":"https:\/\/rwc-finland.fmi.fi\/index.php\/wp-json\/wp\/v2\/pages"}],"about":[{"href":"https:\/\/rwc-finland.fmi.fi\/index.php\/wp-json\/wp\/v2\/types\/page"}],"author":[{"embeddable":true,"href":"https:\/\/rwc-finland.fmi.fi\/index.php\/wp-json\/wp\/v2\/users\/4"}],"replies":[{"embeddable":true,"href":"https:\/\/rwc-finland.fmi.fi\/index.php\/wp-json\/wp\/v2\/comments?post=335"}],"version-history":[{"count":20,"href":"https:\/\/rwc-finland.fmi.fi\/index.php\/wp-json\/wp\/v2\/pages\/335\/revisions"}],"predecessor-version":[{"id":464,"href":"https:\/\/rwc-finland.fmi.fi\/index.php\/wp-json\/wp\/v2\/pages\/335\/revisions\/464"}],"wp:attachment":[{"href":"https:\/\/rwc-finland.fmi.fi\/index.php\/wp-json\/wp\/v2\/media?parent=335"}],"curies":[{"name":"wp","href":"https:\/\/api.w.org\/{rel}","templated":true}]}}