{"id":255,"date":"2021-04-28T13:29:46","date_gmt":"2021-04-28T13:29:46","guid":{"rendered":"https:\/\/rwc-finland.fmi.fi\/?page_id=255"},"modified":"2025-10-29T11:33:22","modified_gmt":"2025-10-29T11:33:22","slug":"magneettisia-tunnuslukuja","status":"publish","type":"page","link":"https:\/\/rwc-finland.fmi.fi\/index.php\/magneettisia-tunnuslukuja\/","title":{"rendered":"Magneettisia tunnuslukuja"},"content":{"rendered":"\n<div class=\"wp-block-columns has-nv-site-bg-background-color has-background is-layout-flex wp-container-core-columns-is-layout-9d6595d7 wp-block-columns-is-layout-flex\">\n<div class=\"wp-block-column is-layout-flow wp-block-column-is-layout-flow\">\n<h2 class=\"wp-block-heading\">Nurmij\u00e4rven K ja Kp<\/h2>\n\n\n\n<figure class=\"wp-block-image size-large is-resized is-style-default\"><img loading=\"lazy\" decoding=\"async\" src=\"https:\/\/space.fmi.fi\/image\/realtime\/K\/NUR_QUASI_K1.png\" alt=\"\" width=\"470\" height=\"352\"\/><\/figure>\n\n\n\n<p>K-luku kuvaa magneettikent\u00e4n ep\u00e4s\u00e4\u00e4nn\u00f6llisten vaihtelujen suuruutta kolmen tunnin jaksoissa asteikolla 0-9. Indeksi on skaalattu asemakohtaisesti siten, ett\u00e4 kutakin indeksilukua esiintyy jokaisella asemalla yht\u00e4 paljon. Nurmij\u00e4rven K-luku poikkeaa oikeaoppisesta K-indeksist\u00e4 kahdessa suhteessa: Se lasketaann liukuvasti siirtyviss\u00e4 kolmen tunnin jaksoissa kiinteiden kolmen tunnin aikav\u00e4lien sijasta, jolloin viimeinen arvo on virallista K-lukua ajantasaisempi. Sit\u00e4 laskettaessa ei ole v\u00e4hennetty kent\u00e4n keskim\u00e4\u00e4r\u00e4ist\u00e4 p\u00e4ivitt\u00e4ist\u00e4 muutosta, mink\u00e4 vuoksi geomagneettisesti rauhallisina aikoina t\u00e4m\u00e4 K-luku saa usein v\u00e4h\u00e4n isompia arvoja kuin oikeaoppisesti laskettu K.<\/p>\n\n\n\n<p>Tiettyjen keskileveysasteiden magneettisten observatorioiden K-lukujen keskiarvona lasketaan planetaarinen K eli Kp, joka on eniten k\u00e4ytetty mitta geomagneettisten myrskyjen voimakkuudelle. Geomagneettinen aktiivisuus m\u00e4\u00e4ritell\u00e4\u00e4n myrskyksi, jos Kp:n arvo on 5 tai suurempi. Alla GFZ Potsdamin laskema virallinen Kp-luku.<\/p>\n\n\n\n<figure class=\"wp-block-image size-large is-style-default\"><img decoding=\"async\" src=\"https:\/\/spaceweather.gfz-potsdam.de\/fileadmin\/kpindex\/ql_bar.gif\" alt=\"\"\/><figcaption>Kuva: <a href=\"http:\/\/www.gfz-potsdam.de\/\">Saksan geotieteiden tutkimuskeskus GFZ.<\/a><\/figcaption><\/figure>\n<\/div>\n\n\n\n<div class=\"wp-block-column is-layout-flow wp-block-column-is-layout-flow\">\n<h2 class=\"wp-block-heading\">Revontulivy\u00f6hykkeen s\u00e4hk\u00f6virrat<\/h2>\n\n\n\n<figure class=\"wp-block-image size-large is-style-default\"><img decoding=\"async\" src=\"https:\/\/space.fmi.fi\/image\/realtime\/eurisgic\/iuil.png\" alt=\"\"\/><\/figure>\n\n\n\n<p>IU- ja IL-indeksit ovat alueellisia versioita planetaarisista AU- ja AL-luvuista. Ne kuvaavat revontulivy\u00f6hykkeell\u00e4 ionosf\u00e4\u00e4riss\u00e4 kulkevien s\u00e4hk\u00f6virtojen voimakkuutta. Vertaa <a href=\"http:\/\/wdc.kugi.kyoto-u.ac.jp\/ae_realtime\/today\/today.html\"> AE (Auroral Electrojet)<\/a> -indeksiin. Alla olevassa kuvassa it\u00e4\u00e4n (EEJ) ja l\u00e4nteen (WEJ) kulkevien s\u00e4hk\u00f6virtojen voimakkuudet Pohjois-Euroopassa on laskettu IMAGE-verkon magneettisista mittauksista k\u00e4ytt\u00e4en alkeisvirtaj\u00e4rjestelmien sovitusta mitattuihin magneettikent\u00e4n h\u00e4iri\u00f6ihin.<\/p>\n\n\n\n<figure class=\"wp-block-image size-large is-style-default\"><img decoding=\"async\" src=\"https:\/\/space.fmi.fi\/image\/realtime\/eurisgic\/ej.png\" alt=\"\"\/><\/figure>\n\n\n\n<h2 class=\"wp-block-heading\">Muita tunnuslukuja<\/h2>\n\n\n\n<p>Useita geomagneettisia tunnuslukuja laskee ja jakelee <a href=\"http:\/\/wdc.kugi.kyoto-u.ac.jp\/wdc\/Sec3.html\">Kioton WDC<\/a>.<\/p>\n<\/div>\n<\/div>\n","protected":false},"excerpt":{"rendered":"<p>Nurmij\u00e4rven K ja Kp K-luku kuvaa magneettikent\u00e4n ep\u00e4s\u00e4\u00e4nn\u00f6llisten vaihtelujen suuruutta kolmen tunnin jaksoissa asteikolla 0-9. Indeksi on skaalattu asemakohtaisesti siten, ett\u00e4 kutakin indeksilukua esiintyy jokaisella asemalla yht\u00e4 paljon. Nurmij\u00e4rven K-luku poikkeaa oikeaoppisesta K-indeksist\u00e4 kahdessa suhteessa: Se lasketaann liukuvasti siirtyviss\u00e4 kolmen tunnin jaksoissa kiinteiden kolmen tunnin aikav\u00e4lien sijasta, jolloin viimeinen arvo on virallista K-lukua ajantasaisempi. Sit\u00e4&hellip;&nbsp;<a href=\"https:\/\/rwc-finland.fmi.fi\/index.php\/magneettisia-tunnuslukuja\/\" class=\"\" rel=\"bookmark\">Lue lis\u00e4\u00e4 &raquo;<span class=\"screen-reader-text\">Magneettisia tunnuslukuja<\/span><\/a><\/p>\n","protected":false},"author":5,"featured_media":0,"parent":0,"menu_order":0,"comment_status":"closed","ping_status":"closed","template":"","meta":{"neve_meta_sidebar":"full-width","neve_meta_container":"","neve_meta_enable_content_width":"on","neve_meta_content_width":100,"neve_meta_title_alignment":"center","neve_meta_author_avatar":"","neve_post_elements_order":"","neve_meta_disable_header":"","neve_meta_disable_footer":"","neve_meta_disable_title":"","footnotes":""},"class_list":["post-255","page","type-page","status-publish","hentry"],"_links":{"self":[{"href":"https:\/\/rwc-finland.fmi.fi\/index.php\/wp-json\/wp\/v2\/pages\/255","targetHints":{"allow":["GET"]}}],"collection":[{"href":"https:\/\/rwc-finland.fmi.fi\/index.php\/wp-json\/wp\/v2\/pages"}],"about":[{"href":"https:\/\/rwc-finland.fmi.fi\/index.php\/wp-json\/wp\/v2\/types\/page"}],"author":[{"embeddable":true,"href":"https:\/\/rwc-finland.fmi.fi\/index.php\/wp-json\/wp\/v2\/users\/5"}],"replies":[{"embeddable":true,"href":"https:\/\/rwc-finland.fmi.fi\/index.php\/wp-json\/wp\/v2\/comments?post=255"}],"version-history":[{"count":4,"href":"https:\/\/rwc-finland.fmi.fi\/index.php\/wp-json\/wp\/v2\/pages\/255\/revisions"}],"predecessor-version":[{"id":281,"href":"https:\/\/rwc-finland.fmi.fi\/index.php\/wp-json\/wp\/v2\/pages\/255\/revisions\/281"}],"wp:attachment":[{"href":"https:\/\/rwc-finland.fmi.fi\/index.php\/wp-json\/wp\/v2\/media?parent=255"}],"curies":[{"name":"wp","href":"https:\/\/api.w.org\/{rel}","templated":true}]}}