{"id":228,"date":"2021-04-23T10:31:52","date_gmt":"2021-04-23T10:31:52","guid":{"rendered":"https:\/\/rwc-finland.fmi.fi\/?page_id=228"},"modified":"2025-10-29T11:33:32","modified_gmt":"2025-10-29T11:33:32","slug":"muita-palveluitamme","status":"publish","type":"page","link":"https:\/\/rwc-finland.fmi.fi\/index.php\/muita-palveluitamme\/","title":{"rendered":"Muita palveluitamme"},"content":{"rendered":"\n<div class=\"wp-block-columns has-nv-site-bg-background-color has-background is-layout-flex wp-container-core-columns-is-layout-9d6595d7 wp-block-columns-is-layout-flex\">\n<div class=\"wp-block-column is-layout-flow wp-block-column-is-layout-flow\" style=\"flex-basis:66.66%\">\n<p><img loading=\"lazy\" decoding=\"async\" width=\"150\" height=\"39\" class=\"wp-image-235\" style=\"width: 150px;\" src=\"https:\/\/rwc-finland.fmi.fi\/wp-content\/uploads\/2021\/04\/IL-logo.png\" alt=\"\"><br><a href=\"https:\/\/www.ilmatieteenlaitos.fi\/revontulet-ja-avaruussaa\">Revontulet ja avaruuss\u00e4\u00e4<\/a> -sivulla julkaistaan arkip\u00e4ivisin asiantuntijan kirjoittama katsaus avaruuss\u00e4\u00e4h\u00e4n sek\u00e4 kolmen p\u00e4iv\u00e4n ennuste revontulten todenn\u00e4k\u00f6isyydelle.<\/p>\n\n\n\n<p><img loading=\"lazy\" decoding=\"async\" width=\"150\" height=\"71\" class=\"wp-image-233\" style=\"width: 150px;\" src=\"https:\/\/rwc-finland.fmi.fi\/wp-content\/uploads\/2021\/04\/IMAGE_logo_2.png\" alt=\"Image logo\" srcset=\"https:\/\/rwc-finland.fmi.fi\/wp-content\/uploads\/2021\/04\/IMAGE_logo_2.png 950w, https:\/\/rwc-finland.fmi.fi\/wp-content\/uploads\/2021\/04\/IMAGE_logo_2-300x142.png 300w, https:\/\/rwc-finland.fmi.fi\/wp-content\/uploads\/2021\/04\/IMAGE_logo_2-768x364.png 768w\" sizes=\"auto, (max-width: 150px) 100vw, 150px\" \/><br><a href=\"https:\/\/space.fmi.fi\/image\/www\/index.php?\">IMAGE<\/a> on Pohjois-Euroopan kattava magnetometriverkko, jonka sivuilta saa magneettisia havaintoja sek\u00e4 niist\u00e4 laskettuja datatuotteita.<\/p>\n\n\n\n<p><img loading=\"lazy\" decoding=\"async\" width=\"150\" height=\"38\" class=\"wp-image-237\" style=\"width: 150px;\" src=\"https:\/\/rwc-finland.fmi.fi\/wp-content\/uploads\/2021\/04\/Pecasus_banner.jpg\" alt=\"\"><br>PECASUS on kansainv\u00e4linen konsortio, joka tuottaa Ilmatieteen laitoksen johdolla avaruuss\u00e4\u00e4palveluita siviili-ilmailulle.<br>&#8211; <a href=\"http:\/\/pecasus.eu\/\">Konsortion kotisivut englanniksi<\/a><br>&#8211; <a href=\"https:\/\/www.ilmatieteenlaitos.fi\/ilmailun-avaruussaa\">Palvelun kuvaus suomeksi<\/a><\/p>\n\n\n\n<p><img loading=\"lazy\" decoding=\"async\" width=\"150\" height=\"40\" class=\"wp-image-236\" style=\"width: 150px;\" src=\"https:\/\/rwc-finland.fmi.fi\/wp-content\/uploads\/2021\/04\/MIRACLE2c.png\" alt=\"\" srcset=\"https:\/\/rwc-finland.fmi.fi\/wp-content\/uploads\/2021\/04\/MIRACLE2c.png 347w, https:\/\/rwc-finland.fmi.fi\/wp-content\/uploads\/2021\/04\/MIRACLE2c-300x80.png 300w\" sizes=\"auto, (max-width: 150px) 100vw, 150px\" \/><br><a href=\"https:\/\/space.fmi.fi\/MIRACLE\/\">MIRACLE<\/a> on revontulten tutkimukseen tarkoitettu havaintolaiteverkko, jonka sivuilta l\u00f6ytyy mm. keogrammeja eli revontulikameroiden kuvista tehtyj\u00e4 koosteita.<\/p>\n\n\n\n<p><img loading=\"lazy\" decoding=\"async\" width=\"150\" height=\"71\" class=\"wp-image-240\" style=\"width: 150px;\" src=\"https:\/\/rwc-finland.fmi.fi\/wp-content\/uploads\/2021\/04\/Tomoscand1.png\" alt=\"\"><br><a href=\"https:\/\/space.fmi.fi\/MIRACLE\/tomoscand\/\">Tomoscand<\/a>-hankkeessa kehitet\u00e4\u00e4n menetelm\u00e4\u00e4 ionosf\u00e4\u00e4rin elektronitiheyden kartoittamiseksi satelliittien radiosignaalien ja matemaattisen inversion avulla.<\/p>\n<\/div>\n<\/div>\n\n\n\n<p><\/p>\n","protected":false},"excerpt":{"rendered":"<p>Revontulet ja avaruuss\u00e4\u00e4 -sivulla julkaistaan arkip\u00e4ivisin asiantuntijan kirjoittama katsaus avaruuss\u00e4\u00e4h\u00e4n sek\u00e4 kolmen p\u00e4iv\u00e4n ennuste revontulten todenn\u00e4k\u00f6isyydelle. IMAGE on Pohjois-Euroopan kattava magnetometriverkko, jonka sivuilta saa magneettisia havaintoja sek\u00e4 niist\u00e4 laskettuja datatuotteita. PECASUS on kansainv\u00e4linen konsortio, joka tuottaa Ilmatieteen laitoksen johdolla avaruuss\u00e4\u00e4palveluita siviili-ilmailulle.&#8211; Konsortion kotisivut englanniksi&#8211; Palvelun kuvaus suomeksi MIRACLE on revontulten tutkimukseen tarkoitettu havaintolaiteverkko, jonka sivuilta&hellip;&nbsp;<a href=\"https:\/\/rwc-finland.fmi.fi\/index.php\/muita-palveluitamme\/\" class=\"\" rel=\"bookmark\">Lue lis\u00e4\u00e4 &raquo;<span class=\"screen-reader-text\">Muita palveluitamme<\/span><\/a><\/p>\n","protected":false},"author":5,"featured_media":0,"parent":0,"menu_order":0,"comment_status":"closed","ping_status":"closed","template":"","meta":{"neve_meta_sidebar":"full-width","neve_meta_container":"","neve_meta_enable_content_width":"off","neve_meta_content_width":100,"neve_meta_title_alignment":"center","neve_meta_author_avatar":"","neve_post_elements_order":"","neve_meta_disable_header":"","neve_meta_disable_footer":"","neve_meta_disable_title":"","footnotes":""},"class_list":["post-228","page","type-page","status-publish","hentry"],"_links":{"self":[{"href":"https:\/\/rwc-finland.fmi.fi\/index.php\/wp-json\/wp\/v2\/pages\/228","targetHints":{"allow":["GET"]}}],"collection":[{"href":"https:\/\/rwc-finland.fmi.fi\/index.php\/wp-json\/wp\/v2\/pages"}],"about":[{"href":"https:\/\/rwc-finland.fmi.fi\/index.php\/wp-json\/wp\/v2\/types\/page"}],"author":[{"embeddable":true,"href":"https:\/\/rwc-finland.fmi.fi\/index.php\/wp-json\/wp\/v2\/users\/5"}],"replies":[{"embeddable":true,"href":"https:\/\/rwc-finland.fmi.fi\/index.php\/wp-json\/wp\/v2\/comments?post=228"}],"version-history":[{"count":8,"href":"https:\/\/rwc-finland.fmi.fi\/index.php\/wp-json\/wp\/v2\/pages\/228\/revisions"}],"predecessor-version":[{"id":373,"href":"https:\/\/rwc-finland.fmi.fi\/index.php\/wp-json\/wp\/v2\/pages\/228\/revisions\/373"}],"wp:attachment":[{"href":"https:\/\/rwc-finland.fmi.fi\/index.php\/wp-json\/wp\/v2\/media?parent=228"}],"curies":[{"name":"wp","href":"https:\/\/api.w.org\/{rel}","templated":true}]}}