{"id":18,"date":"2021-02-24T17:12:25","date_gmt":"2021-02-24T17:12:25","guid":{"rendered":"https:\/\/rwc-finland.fmi.fi\/?page_id=18"},"modified":"2026-01-13T10:11:59","modified_gmt":"2026-01-13T10:11:59","slug":"suomeksi","status":"publish","type":"page","link":"https:\/\/rwc-finland.fmi.fi\/","title":{"rendered":"Avaruuss\u00e4\u00e4 Suomessa"},"content":{"rendered":"\n<div class=\"wp-block-columns has-nv-site-bg-background-color has-background is-layout-flex wp-container-core-columns-is-layout-9d6595d7 wp-block-columns-is-layout-flex\">\n<div class=\"wp-block-column is-layout-flow wp-block-column-is-layout-flow\">\n<h2 class=\"wp-block-heading\" id=\"revontulten-todennakoisyys\">Revontulten todenn\u00e4k\u00f6isyys<\/h2>\n\n\n\n<figure class=\"wp-block-image size-large is-resized is-style-default\"><img decoding=\"async\" src=\"https:\/\/space.fmi.fi\/MIRACLE\/RWC\/map-en.png\" alt=\"\" style=\"width:310px;height:558px\"\/><\/figure>\n\n\n\n<p>Revontulten todenn\u00e4k\u00f6isyys magneettisen aktiivisuuden perusteella:<br><span style=\"color:#00aaff\" class=\"has-inline-color\"><strong>Sininen<\/strong><\/span>: revontulet eiv\u00e4t todenn\u00e4k\u00f6isi\u00e4<br><strong><span style=\"color:#d39f01\" class=\"has-inline-color\">Kellerv\u00e4<\/span><\/strong>: kohtalainen todenn\u00e4k\u00f6isyys<br><span style=\"color:#dc143c\" class=\"has-inline-color\"><strong>Punainen<\/strong><\/span>: suuri todenn\u00e4k\u00f6isyys<br><strong>Musta<\/strong>: viimeisin mittaus puuttuu.<\/p>\n\n\n\n<h2 class=\"wp-block-heading\" id=\"aktiivisuusennuste-1-tunti\">Aktiivisuusennuste, 1 tunti<\/h2>\n\n\n\n<figure class=\"wp-block-image size-large is-style-default\"><img decoding=\"async\" src=\"https:\/\/space.fmi.fi\/~avs\/uudet_nettisivut\/aktiivisuusennuste_rajattu.png\" alt=\"\"\/><\/figure>\n\n\n\n<p>Aurinkotuulimittaukseen perustuva geomagneettisen aktiivisuuden ennuste. Seuraavalle tunnille annetut arvot kertovat vaihteluv\u00e4lin, johon RX osuu 90 % todenn\u00e4k\u00f6isyydell\u00e4. RX on magneettikent\u00e4n pohjoissuuntaisen komponentin vaihteluv\u00e4li tunnin aikana. V\u00e4rit kuvaavat aktiivisuustasoa: <br><strong><span style=\"color:#00ff00\" class=\"has-inline-color\">matala<\/span><span style=\"color:#01789d\" class=\"has-inline-color\"> <\/span>&#8211; <span style=\"color:#e6e301\" class=\"has-inline-color\">kohonnut<\/span><span style=\"color:#ffd700\" class=\"has-inline-color\"> <\/span>&#8211; <span style=\"color:#df7a01\" class=\"has-inline-color\">kohtalainen<\/span> &#8211; <span style=\"color:#ff0000\" class=\"has-inline-color\">korkea<\/span> &#8211; <span style=\"color:#800000\" class=\"has-inline-color\">hyvin korkea<\/span><\/strong>.<\/p>\n\n\n\n<h2 class=\"wp-block-heading\" id=\"revontulikamera-kevo\">Revontulikamera, Kevo<\/h2>\n\n\n\n<figure class=\"wp-block-image size-large is-resized is-style-default\"><img decoding=\"async\" src=\"https:\/\/space.fmi.fi\/MIRACLE\/RWC\/latest_KEV.jpg\" alt=\"\" style=\"width:506px;height:506px\"\/><\/figure>\n\n\n\n<p>Revontulikameran koko taivaan kuva Kevolta. Kuva ei p\u00e4ivity valoisaan aikaan.<\/p>\n<\/div>\n\n\n\n<div class=\"wp-block-column is-layout-flow wp-block-column-is-layout-flow\">\n<h2 class=\"wp-block-heading\" id=\"ionosfaarin-elektronipitoisuus\">Ionosf\u00e4\u00e4rin elektronipitoisuus<\/h2>\n\n\n\n<figure class=\"wp-block-image size-large is-resized is-style-default\"><img decoding=\"async\" src=\"https:\/\/space.fmi.fi\/MIRACLE\/RWC\/tec-map-fi.png\" alt=\"\" style=\"width:420px;height:512px\"\/><figcaption class=\"wp-element-caption\">Kuva: <a href=\"https:\/\/space.fmi.fi\/MIRACLE\/tomoscand\/\" target=\"_blank\" rel=\"noreferrer noopener\">Tomoscand-hanke<\/a><\/figcaption><\/figure>\n\n\n\n<p>Korkeussuunnassa yhteenlaskettu vapaiden elektronien m\u00e4\u00e4r\u00e4 ilmakeh\u00e4ss\u00e4.<\/p>\n\n\n\n<h2 class=\"wp-block-heading\" id=\"nurmijarven-k-luku\">Nurmij\u00e4rven K-luku<\/h2>\n\n\n\n<figure class=\"wp-block-image size-large is-resized is-style-default\"><img decoding=\"async\" src=\"https:\/\/space.fmi.fi\/image\/realtime\/K\/NUR_QUASI_K1.png\" alt=\"\" style=\"width:452px;height:317px\"\/><\/figure>\n\n\n\n<p>K-luku kuvaa asteikolla 0 &#8211; 9 avaruuss\u00e4\u00e4n aiheuttamien paikallisten magneettisten h\u00e4iri\u00f6iden voimakkuutta.<\/p>\n\n\n\n<h2 class=\"wp-block-heading\" id=\"induktiovirrat\">Induktiovirrat<\/h2>\n\n\n\n<figure class=\"wp-block-image size-large\"><a href=\"https:\/\/space.fmi.fi\/image\/realtime\/eurisgic\/\"><img decoding=\"async\" src=\"https:\/\/space.fmi.fi\/image\/realtime\/eurisgic\/sumgic.png\" alt=\"\"\/><\/a><\/figure>\n\n\n\n<p>Mallin ennustama keskim\u00e4\u00e4r\u00e4isen geomagneettisesti indusoituneen virran vaihtelu Suomen s\u00e4hk\u00f6nsiirron kantaverkossa.<\/p>\n\n\n\n<h2 class=\"wp-block-heading\" id=\"aurinko\">Aurinko<\/h2>\n\n\n\n<figure class=\"wp-block-image size-large is-style-default\"><img decoding=\"async\" src=\"https:\/\/space.fmi.fi\/~avs\/sun\/sdo\/193\/latest.jpg\" alt=\"\"\/><figcaption class=\"wp-element-caption\">Kuva: Nasa,\u00a0<a href=\"https:\/\/sdo.gsfc.nasa.gov\/\">Solar Dynamics Observator<\/a>y ja AIA-tiederyhm\u00e4.<\/figcaption><\/figure>\n\n\n\n<p>Auringon r\u00f6ntgenkuva 193 \u00e5ngstr\u00f6min aallonpituudella. Nopean aurinkotuulen l\u00e4hdealueina toimivat koronan aukot ovat kuvassa mustia. Aktiiviset alueet ovat ymp\u00e4rist\u00f6\u00e4\u00e4n vaaleampia.<\/p>\n<\/div>\n<\/div>\n\n\n\n<p><\/p>\n","protected":false},"excerpt":{"rendered":"<p>Revontulten todenn\u00e4k\u00f6isyys Revontulten todenn\u00e4k\u00f6isyys magneettisen aktiivisuuden perusteella:Sininen: revontulet eiv\u00e4t todenn\u00e4k\u00f6isi\u00e4Kellerv\u00e4: kohtalainen todenn\u00e4k\u00f6isyysPunainen: suuri todenn\u00e4k\u00f6isyysMusta: viimeisin mittaus puuttuu. Aktiivisuusennuste, 1 tunti Aurinkotuulimittaukseen perustuva geomagneettisen aktiivisuuden ennuste. Seuraavalle tunnille annetut arvot kertovat vaihteluv\u00e4lin, johon RX osuu 90 % todenn\u00e4k\u00f6isyydell\u00e4. RX on magneettikent\u00e4n pohjoissuuntaisen komponentin vaihteluv\u00e4li tunnin aikana. V\u00e4rit kuvaavat aktiivisuustasoa: matala &#8211; kohonnut &#8211; kohtalainen &#8211; korkea&hellip;&nbsp;<a href=\"https:\/\/rwc-finland.fmi.fi\/\" class=\"\" rel=\"bookmark\">Lue lis\u00e4\u00e4 &raquo;<span class=\"screen-reader-text\">Avaruuss\u00e4\u00e4 Suomessa<\/span><\/a><\/p>\n","protected":false},"author":5,"featured_media":0,"parent":0,"menu_order":0,"comment_status":"closed","ping_status":"closed","template":"","meta":{"neve_meta_sidebar":"","neve_meta_container":"default","neve_meta_enable_content_width":"on","neve_meta_content_width":100,"neve_meta_title_alignment":"center","neve_meta_author_avatar":"","neve_post_elements_order":"","neve_meta_disable_header":"off","neve_meta_disable_footer":"","neve_meta_disable_title":"","footnotes":""},"class_list":["post-18","page","type-page","status-publish","hentry"],"_links":{"self":[{"href":"https:\/\/rwc-finland.fmi.fi\/index.php\/wp-json\/wp\/v2\/pages\/18","targetHints":{"allow":["GET"]}}],"collection":[{"href":"https:\/\/rwc-finland.fmi.fi\/index.php\/wp-json\/wp\/v2\/pages"}],"about":[{"href":"https:\/\/rwc-finland.fmi.fi\/index.php\/wp-json\/wp\/v2\/types\/page"}],"author":[{"embeddable":true,"href":"https:\/\/rwc-finland.fmi.fi\/index.php\/wp-json\/wp\/v2\/users\/5"}],"replies":[{"embeddable":true,"href":"https:\/\/rwc-finland.fmi.fi\/index.php\/wp-json\/wp\/v2\/comments?post=18"}],"version-history":[{"count":36,"href":"https:\/\/rwc-finland.fmi.fi\/index.php\/wp-json\/wp\/v2\/pages\/18\/revisions"}],"predecessor-version":[{"id":482,"href":"https:\/\/rwc-finland.fmi.fi\/index.php\/wp-json\/wp\/v2\/pages\/18\/revisions\/482"}],"wp:attachment":[{"href":"https:\/\/rwc-finland.fmi.fi\/index.php\/wp-json\/wp\/v2\/media?parent=18"}],"curies":[{"name":"wp","href":"https:\/\/api.w.org\/{rel}","templated":true}]}}