{"id":171,"date":"2021-04-22T14:54:18","date_gmt":"2021-04-22T14:54:18","guid":{"rendered":"https:\/\/rwc-finland.fmi.fi\/?page_id=171"},"modified":"2025-10-29T11:33:42","modified_gmt":"2025-10-29T11:33:42","slug":"revontulikameroiden-kuvat","status":"publish","type":"page","link":"https:\/\/rwc-finland.fmi.fi\/index.php\/revontulikameroiden-kuvat\/","title":{"rendered":"Revontulikameroiden kuvat"},"content":{"rendered":"\n<div class=\"wp-block-columns has-nv-text-dark-bg-color has-nv-dark-bg-background-color has-text-color has-background is-layout-flex wp-container-core-columns-is-layout-9d6595d7 wp-block-columns-is-layout-flex\">\n<div class=\"wp-block-column is-layout-flow wp-block-column-is-layout-flow\">\n<p class=\"has-nv-text-dark-bg-color has-text-color\">Osa kuvista ei p\u00e4ivity valoisaan aikaan eik\u00e4 kes\u00e4kaudella.<\/p>\n\n\n\n<h2 class=\"wp-block-heading\">Kevo, N 69\u00b0 45,6&#8242; \/ E 27\u00b0 0,6&#8242;<\/h2>\n\n\n\n<figure class=\"wp-block-image size-large is-resized is-style-default\"><img decoding=\"async\" src=\"https:\/\/space.fmi.fi\/MIRACLE\/RWC\/latest_KEV.jpg\" alt=\"\" style=\"width:1040px\"\/><\/figure>\n\n\n\n<h2 class=\"wp-block-heading\">Kilpisj\u00e4rvi, N 69\u00b0 1,8&#8242; \/ E 20\u00b0 28,2&#8242;<\/h2>\n\n\n\n<figure class=\"wp-block-image size-large is-resized is-style-default\"><img decoding=\"async\" src=\"https:\/\/space.fmi.fi\/MIRACLE\/RWC\/latest_KIL.jpg\" alt=\"\" style=\"width:1040px\"\/><\/figure>\n\n\n\n<h2 class=\"wp-block-heading\">Muonio, N 68\u00b0 1,2&#8242; \/ E 23\u00b0 31,8&#8242;<\/h2>\n\n\n\n<figure class=\"wp-block-image size-large is-resized is-style-default\"><img decoding=\"async\" src=\"https:\/\/space.fmi.fi\/MIRACLE\/RWC\/latest_MUO.jpg\" alt=\"\" style=\"width:1040px\"\/><\/figure>\n\n\n\n<h2 class=\"wp-block-heading\">Nyr\u00f6l\u00e4, N 62\u00b0 20&#8242; 33,2 &#8221; \/ E 25\u00b0 30&#8242; 35,6&#8243;<\/h2>\n\n\n\n<figure class=\"wp-block-image size-large is-resized is-style-default\"><img decoding=\"async\" src=\"https:\/\/space.fmi.fi\/MIRACLE\/RWC\/latest_SIR.jpg\" alt=\"\" style=\"width:1040px\"\/><figcaption class=\"wp-element-caption\"><strong>Kuva: Nyr\u00f6l\u00e4n observatorio, Jyv\u00e4skyl\u00e4n Sirius ry.<\/strong><\/figcaption><\/figure>\n\n\n\n<h2 class=\"wp-block-heading\">Hankasalmi, N 62\u00b0 15&#8242; 16&#8243; \/ E 26\u00b0 35&#8242; 59&#8243;<\/h2>\n\n\n\n<figure class=\"wp-block-image size-large is-resized is-style-default\"><img decoding=\"async\" src=\"https:\/\/space.fmi.fi\/MIRACLE\/RWC\/latest_SIR_AllSky.jpg\" alt=\"\" style=\"width:1040px\"\/><figcaption class=\"wp-element-caption\"><strong>Kuva: Hankasalmen observatorio, Jyv\u00e4skyl\u00e4n Sirius ry.<\/strong><\/figcaption><\/figure>\n\n\n\n<h2 class=\"wp-block-heading\">Mets\u00e4hovi, N 60\u00b0 13&#8242; 2,85 &#8221; \/ E 24\u00b0 23&#8242; 34,9&#8243;<\/h2>\n\n\n\n<figure class=\"wp-block-image size-large is-resized is-style-default\"><img decoding=\"async\" src=\"https:\/\/space.fmi.fi\/MIRACLE\/RWC\/latest_HOV.jpg\" alt=\"\" style=\"width:1040px\"\/><figcaption class=\"wp-element-caption\"><strong>Kuva: Mets\u00e4hovin radiotutkimusasema, Aalto-yliopisto. (Kirkkonummella)<\/strong><\/figcaption><\/figure>\n\n\n\n<h2 class=\"wp-block-heading\">Helsinki, N 60\u00b0 12&#8242; 13,68 &#8221; \/ E 24\u00b0 57&#8242; 38,75&#8243;<\/h2>\n\n\n\n<figure class=\"wp-block-image size-large is-resized\"><img decoding=\"async\" src=\"https:\/\/space.fmi.fi\/MIRACLE\/RWC\/latest_HEL.jpg\" alt=\"\" style=\"width:1040px\"\/><\/figure>\n\n\n\n<h2 class=\"wp-block-heading\">Kameroiden yll\u00e4pit\u00e4j\u00e4t<\/h2>\n\n\n\n<p class=\"has-nv-text-dark-bg-color has-text-color\">Kevo, Kilpisj\u00e4rvi, Muonio ja Helsinki: Ilmatieteen laitos<br>Hankasalmi ja Nyr\u00f6l\u00e4: <a href=\"https:\/\/www.ursa.fi\/blogi\/sirius\/\">Jyv\u00e4skyl\u00e4n Sirius ry<\/a><br>Mets\u00e4hovi: <span data-darkreader-inline-bgcolor=\"\" style=\"background-color: rgba(0, 0, 0, 0); --darkreader-inline-bgcolor: rgba(0, 0, 0, 0);\" class=\"has-inline-color has-nv-text-dark-bg-color\"><a href=\"http:\/\/metsahovi.aalto.fi\/fi\/\">Mets\u00e4hovin radiotutkimusasema<\/a><\/span>, Aalto-yliopisto.<\/p>\n<\/div>\n<\/div>\n\n\n\n<p><\/p>\n","protected":false},"excerpt":{"rendered":"<p>Osa kuvista ei p\u00e4ivity valoisaan aikaan eik\u00e4 kes\u00e4kaudella. Kevo, N 69\u00b0 45,6&#8242; \/ E 27\u00b0 0,6&#8242; Kilpisj\u00e4rvi, N 69\u00b0 1,8&#8242; \/ E 20\u00b0 28,2&#8242; Muonio, N 68\u00b0 1,2&#8242; \/ E 23\u00b0 31,8&#8242; Nyr\u00f6l\u00e4, N 62\u00b0 20&#8242; 33,2 &#8221; \/ E 25\u00b0 30&#8242; 35,6&#8243; Hankasalmi, N 62\u00b0 15&#8242; 16&#8243; \/ E 26\u00b0 35&#8242; 59&#8243; Mets\u00e4hovi, N&hellip;&nbsp;<a href=\"https:\/\/rwc-finland.fmi.fi\/index.php\/revontulikameroiden-kuvat\/\" class=\"\" rel=\"bookmark\">Lue lis\u00e4\u00e4 &raquo;<span class=\"screen-reader-text\">Revontulikameroiden kuvat<\/span><\/a><\/p>\n","protected":false},"author":5,"featured_media":0,"parent":0,"menu_order":0,"comment_status":"closed","ping_status":"closed","template":"","meta":{"neve_meta_sidebar":"full-width","neve_meta_container":"","neve_meta_enable_content_width":"off","neve_meta_content_width":100,"neve_meta_title_alignment":"center","neve_meta_author_avatar":"","neve_post_elements_order":"","neve_meta_disable_header":"","neve_meta_disable_footer":"","neve_meta_disable_title":"","footnotes":""},"class_list":["post-171","page","type-page","status-publish","hentry"],"_links":{"self":[{"href":"https:\/\/rwc-finland.fmi.fi\/index.php\/wp-json\/wp\/v2\/pages\/171","targetHints":{"allow":["GET"]}}],"collection":[{"href":"https:\/\/rwc-finland.fmi.fi\/index.php\/wp-json\/wp\/v2\/pages"}],"about":[{"href":"https:\/\/rwc-finland.fmi.fi\/index.php\/wp-json\/wp\/v2\/types\/page"}],"author":[{"embeddable":true,"href":"https:\/\/rwc-finland.fmi.fi\/index.php\/wp-json\/wp\/v2\/users\/5"}],"replies":[{"embeddable":true,"href":"https:\/\/rwc-finland.fmi.fi\/index.php\/wp-json\/wp\/v2\/comments?post=171"}],"version-history":[{"count":15,"href":"https:\/\/rwc-finland.fmi.fi\/index.php\/wp-json\/wp\/v2\/pages\/171\/revisions"}],"predecessor-version":[{"id":437,"href":"https:\/\/rwc-finland.fmi.fi\/index.php\/wp-json\/wp\/v2\/pages\/171\/revisions\/437"}],"wp:attachment":[{"href":"https:\/\/rwc-finland.fmi.fi\/index.php\/wp-json\/wp\/v2\/media?parent=171"}],"curies":[{"name":"wp","href":"https:\/\/api.w.org\/{rel}","templated":true}]}}