{"id":119,"date":"2021-02-26T17:34:07","date_gmt":"2021-02-26T17:34:07","guid":{"rendered":"https:\/\/rwc-finland.fmi.fi\/?page_id=119"},"modified":"2025-10-29T11:32:58","modified_gmt":"2025-10-29T11:32:58","slug":"mika-rwc","status":"publish","type":"page","link":"https:\/\/rwc-finland.fmi.fi\/index.php\/mika-rwc\/","title":{"rendered":"Ilmatieteen laitos on alueellinen ISES-avaruuss\u00e4\u00e4keskus"},"content":{"rendered":"\n<div class=\"wp-block-columns has-nv-site-bg-background-color has-background is-layout-flex wp-container-core-columns-is-layout-9d6595d7 wp-block-columns-is-layout-flex\">\n<div class=\"wp-block-column is-layout-flow wp-block-column-is-layout-flow\">\n<div class=\"wp-block-columns is-layout-flex wp-container-core-columns-is-layout-9d6595d7 wp-block-columns-is-layout-flex\">\n<div class=\"wp-block-column is-layout-flow wp-block-column-is-layout-flow\" style=\"flex-basis:33.33%\">\n<figure class=\"wp-block-image size-large is-resized is-style-default\"><img loading=\"lazy\" decoding=\"async\" src=\"https:\/\/rwc-finland.fmi.fi\/wp-content\/uploads\/2021\/04\/ises_logo.png\" alt=\"\" class=\"wp-image-158\" width=\"200\" height=\"200\" srcset=\"https:\/\/rwc-finland.fmi.fi\/wp-content\/uploads\/2021\/04\/ises_logo.png 158w, https:\/\/rwc-finland.fmi.fi\/wp-content\/uploads\/2021\/04\/ises_logo-150x150.png 150w\" sizes=\"auto, (max-width: 200px) 100vw, 200px\" \/><\/figure>\n<\/div>\n\n\n\n<div class=\"wp-block-column is-layout-flow wp-block-column-is-layout-flow\" style=\"flex-basis:66.66%\">\n<p><a href=\"http:\/\/www.spaceweather.org\/\">ISES (International Space Environment Service)<\/a> on avaruuss\u00e4\u00e4t\u00e4 tarkkailevien ja ennustavien laitosten kansainv\u00e4linen yhteisty\u00f6j\u00e4rjest\u00f6. Ilmatieteen laitos on ISESin j\u00e4sen ja sen nime\u00e4m\u00e4 Suomen alueellinen avaruuss\u00e4\u00e4keskus, RWC (Regional Warning Center).<\/p>\n\n\n\n<p>T\u00e4lle sivustolle olemme koonneet Ilmatieteen laitoksen avaruuss\u00e4\u00e4tuotteita. Lis\u00e4ksi n\u00e4yt\u00e4mme sivustolla valikoituja muiden avaruuss\u00e4\u00e4keskusten tuotteita.<\/p>\n<\/div>\n<\/div>\n\n\n\n<h3 class=\"wp-block-heading\">Keit\u00e4 olemme<\/h3>\n\n\n\n<p><a href=\"https:\/\/www.ilmatieteenlaitos.fi\/avaruustutkimus-ja-havaintoteknologiat\">Avaruustutkimus ja havaintoteknologiat<\/a> -yksikk\u00f6<br><a href=\"https:\/\/www.ilmatieteenlaitos.fi\/arktinen-avaruuskeskus\">Arktinen avaruuskeskus<\/a> -yksikk\u00f6<br><a href=\"https:\/\/space.fmi.fi\/\">FMI-Space<\/a>, avaruustutkimuksen englanninkieliset sivut<\/p>\n\n\n\n<h3 class=\"wp-block-heading\">Katso my\u00f6s<\/h3>\n\n\n\n<p>Oulun yliopiston <a href=\"https:\/\/sgo.fi\/index_f.php\">Sodankyl\u00e4n geofysiikan observatorio<\/a> tekee runsaasti avaruuss\u00e4\u00e4h\u00e4n liittyvi\u00e4 mittauksia ja tutkimusta.<br>Aalto-yliopiston <a href=\"https:\/\/www.aalto.fi\/fi\/metsahovin-radiotutkimusasema\">Mets\u00e4hovin radiotutkimusasema<\/a> seuraa Auringon aktiivisa alueita.<br><a href=\"https:\/\/www.ursa.fi\/etusivu.html\">Ursa <\/a>yll\u00e4pit\u00e4\u00e4 <a href=\"https:\/\/www.taivaanvahti.fi\/\">Taivaanvahti<\/a>-havaintopalvelua, jossa on mm. revontulikuvia.<\/p>\n<\/div>\n<\/div>\n\n\n\n<p><\/p>\n","protected":false},"excerpt":{"rendered":"<p>ISES (International Space Environment Service) on avaruuss\u00e4\u00e4t\u00e4 tarkkailevien ja ennustavien laitosten kansainv\u00e4linen yhteisty\u00f6j\u00e4rjest\u00f6. Ilmatieteen laitos on ISESin j\u00e4sen ja sen nime\u00e4m\u00e4 Suomen alueellinen avaruuss\u00e4\u00e4keskus, RWC (Regional Warning Center). T\u00e4lle sivustolle olemme koonneet Ilmatieteen laitoksen avaruuss\u00e4\u00e4tuotteita. Lis\u00e4ksi n\u00e4yt\u00e4mme sivustolla valikoituja muiden avaruuss\u00e4\u00e4keskusten tuotteita. Keit\u00e4 olemme Avaruustutkimus ja havaintoteknologiat -yksikk\u00f6Arktinen avaruuskeskus -yksikk\u00f6FMI-Space, avaruustutkimuksen englanninkieliset sivut Katso my\u00f6s&hellip;&nbsp;<a href=\"https:\/\/rwc-finland.fmi.fi\/index.php\/mika-rwc\/\" class=\"\" rel=\"bookmark\">Lue lis\u00e4\u00e4 &raquo;<span class=\"screen-reader-text\">Ilmatieteen laitos on alueellinen ISES-avaruuss\u00e4\u00e4keskus<\/span><\/a><\/p>\n","protected":false},"author":5,"featured_media":0,"parent":0,"menu_order":0,"comment_status":"closed","ping_status":"closed","template":"","meta":{"neve_meta_sidebar":"full-width","neve_meta_container":"","neve_meta_enable_content_width":"off","neve_meta_content_width":100,"neve_meta_title_alignment":"center","neve_meta_author_avatar":"","neve_post_elements_order":"","neve_meta_disable_header":"","neve_meta_disable_footer":"","neve_meta_disable_title":"","footnotes":""},"class_list":["post-119","page","type-page","status-publish","hentry"],"_links":{"self":[{"href":"https:\/\/rwc-finland.fmi.fi\/index.php\/wp-json\/wp\/v2\/pages\/119","targetHints":{"allow":["GET"]}}],"collection":[{"href":"https:\/\/rwc-finland.fmi.fi\/index.php\/wp-json\/wp\/v2\/pages"}],"about":[{"href":"https:\/\/rwc-finland.fmi.fi\/index.php\/wp-json\/wp\/v2\/types\/page"}],"author":[{"embeddable":true,"href":"https:\/\/rwc-finland.fmi.fi\/index.php\/wp-json\/wp\/v2\/users\/5"}],"replies":[{"embeddable":true,"href":"https:\/\/rwc-finland.fmi.fi\/index.php\/wp-json\/wp\/v2\/comments?post=119"}],"version-history":[{"count":9,"href":"https:\/\/rwc-finland.fmi.fi\/index.php\/wp-json\/wp\/v2\/pages\/119\/revisions"}],"predecessor-version":[{"id":246,"href":"https:\/\/rwc-finland.fmi.fi\/index.php\/wp-json\/wp\/v2\/pages\/119\/revisions\/246"}],"wp:attachment":[{"href":"https:\/\/rwc-finland.fmi.fi\/index.php\/wp-json\/wp\/v2\/media?parent=119"}],"curies":[{"name":"wp","href":"https:\/\/api.w.org\/{rel}","templated":true}]}}